{"id":15,"date":"2023-04-10T12:13:25","date_gmt":"2023-04-10T12:13:25","guid":{"rendered":"https:\/\/newpage.stucki-metallbau.ch\/?page_id=15"},"modified":"2023-05-11T19:32:16","modified_gmt":"2023-05-11T19:32:16","slug":"home","status":"publish","type":"page","link":"https:\/\/newpage.stucki-metallbau.ch\/","title":{"rendered":"Home"},"content":{"rendered":"\n\n\t\t\t\t<img decoding=\"async\" src=\"https:\/\/newpage.stucki-metallbau.ch\/wp-content\/uploads\/2023\/04\/Stucki_Metallbau.png\" alt=\"Stucki_Metallbau\" itemprop=\"image\" title=\"Stucki_Metallbau\" onerror=\"this.style.display='none'\"  \/>\n<h1>\n\t\tMetallbau vom Profi\n\t<\/h1>\n\tIhr Partner f\u00fcr individuelle Produkte im Metall- und Stahlbau.<br \/>\nLangj\u00e4hrige Erfahrung in Planung und Ausf\u00fchrung.<br \/>\nProbieren Sie es aus!\n\t\t\t\t<a href=\"https:\/\/newpage.stucki-metallbau.ch\/wp-content\/uploads\/2023\/05\/IMG_2823-Mittel.jpg\" target=\"_self\" itemprop=\"url\" rel=\"noopener\">\n\t\t\t\t<img decoding=\"async\" src=\"https:\/\/newpage.stucki-metallbau.ch\/wp-content\/uploads\/2023\/05\/IMG_2823-Mittel.jpg\" alt=\"IMG_2823 (Mittel)\" itemprop=\"image\" title=\"IMG_2823 (Mittel)\" onerror=\"this.style.display='none'\"  \/>\n\t\t\t\t<\/a>\n<h1>\n\t\tMetallbau\n\t<\/h1>\n\t<h4>Vord\u00e4cher<br \/>\nTreppen<br \/>\nGel\u00e4nder<br \/>\nPodeste<br \/>\nTerrassen<br \/>\nLaufstege<br \/>\nLeitern<\/h4>\n\t<h4>Werkstatteinrichtungen<br \/>\nRohrleitungsbau<br \/>\nLeitern<br \/>\nMarkierungen<br \/>\nLifth\u00e4user<\/h4>\n\t\t\t\t<img decoding=\"async\" src=\"https:\/\/newpage.stucki-metallbau.ch\/wp-content\/uploads\/2023\/05\/IMG_2852-scaled.jpg\" alt=\"IMG_2852\" itemprop=\"image\" title=\"IMG_2852\" onerror=\"this.style.display='none'\"  \/>\n<h1>\n\t\tStahlbau\n\t<\/h1>\n\t<h4>Hallenbau<br \/>\nIndustriebau<br \/>\nAbst\u00fctzungen<br \/>\nAnlagenbau<\/h4>\n\t\t\t\t<img decoding=\"async\" src=\"https:\/\/newpage.stucki-metallbau.ch\/wp-content\/uploads\/2023\/05\/IMG_0992-scaled.jpg\" alt=\"IMG_0992\" itemprop=\"image\" title=\"IMG_0992\" onerror=\"this.style.display='none'\"  \/>\n<h1>\n\t\tSpeziall\u00f6sungen und Dienstleistungen\n\t<\/h1>\n\t<h4>Werkstatteinrichtungen<br \/>\nMaschinenbau<br \/>\nFahrzeugtransporte bis 2.7t<\/h4>\n\t\t\t\t<img decoding=\"async\" src=\"https:\/\/newpage.stucki-metallbau.ch\/wp-content\/uploads\/2023\/05\/Brunnen-Mittel.jpg\" alt=\"Brunnen (Mittel)\" itemprop=\"image\" title=\"Brunnen (Mittel)\" onerror=\"this.style.display='none'\"  \/>\n<h1>\n\t\tDesign Stucki\n\t<\/h1>\n\t<h4>Kunst im Garten<br \/>\nSchmiede und Schlosserei<br \/>\nMetall im Haus<\/h4>\n<h1>\n\t\tKontakt\n\t<\/h1>\n<h1>\n\t\tStucki Metallbau GmbH\n\t<\/h1>\n\tJakob Stucki<br \/>\nNeuhof 1, 3309 Zauggenried<br \/>\nMobil: 079 340 10 86\n\n","protected":false},"excerpt":{"rendered":"<p>Metallbau vom Profi Ihr Partner f\u00fcr individuelle Produkte im Metall- und Stahlbau. Langj\u00e4hrige Erfahrung in Planung und Ausf\u00fchrung. Probieren Sie es aus! Metallbau Vord\u00e4cher Treppen Gel\u00e4nder Podeste Terrassen Laufstege Leitern Werkstatteinrichtungen Rohrleitungsbau Leitern Markierungen Lifth\u00e4user Stahlbau Hallenbau Industriebau Abst\u00fctzungen Anlagenbau Speziall\u00f6sungen und Dienstleistungen Werkstatteinrichtungen Maschinenbau Fahrzeugtransporte bis 2.7t Design Stucki Kunst im Garten Schmiede und&hellip;<\/p>\n","protected":false},"author":2,"featured_media":0,"parent":0,"menu_order":0,"comment_status":"closed","ping_status":"closed","template":"","meta":[],"_links":{"self":[{"href":"https:\/\/newpage.stucki-metallbau.ch\/index.php?rest_route=\/wp\/v2\/pages\/15"}],"collection":[{"href":"https:\/\/newpage.stucki-metallbau.ch\/index.php?rest_route=\/wp\/v2\/pages"}],"about":[{"href":"https:\/\/newpage.stucki-metallbau.ch\/index.php?rest_route=\/wp\/v2\/types\/page"}],"author":[{"embeddable":true,"href":"https:\/\/newpage.stucki-metallbau.ch\/index.php?rest_route=\/wp\/v2\/users\/2"}],"replies":[{"embeddable":true,"href":"https:\/\/newpage.stucki-metallbau.ch\/index.php?rest_route=%2Fwp%2Fv2%2Fcomments&post=15"}],"version-history":[{"count":153,"href":"https:\/\/newpage.stucki-metallbau.ch\/index.php?rest_route=\/wp\/v2\/pages\/15\/revisions"}],"predecessor-version":[{"id":256,"href":"https:\/\/newpage.stucki-metallbau.ch\/index.php?rest_route=\/wp\/v2\/pages\/15\/revisions\/256"}],"wp:attachment":[{"href":"https:\/\/newpage.stucki-metallbau.ch\/index.php?rest_route=%2Fwp%2Fv2%2Fmedia&parent=15"}],"curies":[{"name":"wp","href":"https:\/\/api.w.org\/{rel}","templated":true}]}}